{"id":791,"date":"2018-08-30T11:10:41","date_gmt":"2018-08-30T14:10:41","guid":{"rendered":"https:\/\/cgianneo-cba.infd.edu.ar\/sitio\/apropiacion-de-tacticas-didacticas-en-la-educacion-musical\/"},"modified":"2018-08-30T11:10:41","modified_gmt":"2018-08-30T14:10:41","slug":"apropiacion-de-tacticas-didacticas-en-la-educacion-musical","status":"publish","type":"page","link":"https:\/\/cgianneo-cba.infd.edu.ar\/sitio\/apropiacion-de-tacticas-didacticas-en-la-educacion-musical\/","title":{"rendered":"Apropiaci\u00f3n de t\u00e1cticas did\u00e1cticas en la educaci\u00f3n musical"},"content":{"rendered":"<p>Apropiaci&oacute;n de t&aacute;cticas did&aacute;cticas en la educaci&oacute;n musical<\/p>\n<p>&nbsp;CONTENIDO<\/p>\n<p>&nbsp;<\/p><\/p>\n","protected":false},"excerpt":{"rendered":"<p>Apropiaci&oacute;n de t&aacute;cticas did&aacute;cticas en la educaci&oacute;n musical &nbsp;CONTENIDO &nbsp;<\/p>\n","protected":false},"author":7,"featured_media":0,"parent":0,"menu_order":0,"comment_status":"closed","ping_status":"closed","template":"","meta":[],"acf":[],"_links":{"self":[{"href":"https:\/\/cgianneo-cba.infd.edu.ar\/sitio\/wp-json\/wp\/v2\/pages\/791"}],"collection":[{"href":"https:\/\/cgianneo-cba.infd.edu.ar\/sitio\/wp-json\/wp\/v2\/pages"}],"about":[{"href":"https:\/\/cgianneo-cba.infd.edu.ar\/sitio\/wp-json\/wp\/v2\/types\/page"}],"author":[{"embeddable":true,"href":"https:\/\/cgianneo-cba.infd.edu.ar\/sitio\/wp-json\/wp\/v2\/users\/7"}],"replies":[{"embeddable":true,"href":"https:\/\/cgianneo-cba.infd.edu.ar\/sitio\/wp-json\/wp\/v2\/comments?post=791"}],"version-history":[{"count":0,"href":"https:\/\/cgianneo-cba.infd.edu.ar\/sitio\/wp-json\/wp\/v2\/pages\/791\/revisions"}],"wp:attachment":[{"href":"https:\/\/cgianneo-cba.infd.edu.ar\/sitio\/wp-json\/wp\/v2\/media?parent=791"}],"curies":[{"name":"wp","href":"https:\/\/api.w.org\/{rel}","templated":true}]}}